{"id":846,"date":"2022-01-21T09:20:40","date_gmt":"2022-01-21T08:20:40","guid":{"rendered":"https:\/\/www.stxbp1.it\/home\/?page_id=846"},"modified":"2022-01-24T09:51:13","modified_gmt":"2022-01-24T08:51:13","slug":"glossario","status":"publish","type":"page","link":"https:\/\/www.stxbp1.it\/home\/index.php\/glossario\/","title":{"rendered":"Glossario"},"content":{"rendered":"\n<p><em>A<\/em><br><strong>Acido desossiribonucleico (DNA) <\/strong>&#8211; \u00c8 un&#8217;unit\u00e0 di base per la memorizzazione delle informazioni genetiche. Comprende uno dei quattro acidi nucleici: adenina (A), citosina (C), guanina (G) e timina (T). Gli acidi nucleici formano legami chimici con partner specifici (coppie di adenina con timina; coppie di citosina con guanina) che sono note come &#8220;coppia di basi&#8221;. Il DNA include segmenti utilizzati per la produzione di proteine (o noti come DNA codificante) e non utilizzati per i geni (DNA non codificante). Il DNA pu\u00f2 essere trascritto in mRNA (vedi definizione &#8220;mRNA&#8221;).<\/p>\n\n\n\n<p><strong>Agenzia europea per i medicinali (EMA)<\/strong> &#8211; \u00c8 un&#8217;agenzia decentralizzata per l&#8217;Unione europea (UE) responsabile della valutazione scientifica, della supervisione e del monitoraggio della sicurezza dei medicinali utilizzati nell&#8217;UE. Risorsa: Agenzia europea per i medicinali | (europa.eu)<\/p>\n\n\n\n<p><strong>Aploinsufficienza &#8211; <\/strong>I cromosomi sono disposti a coppie e ci sono due copie di ciascun gene. Per alcuni geni, sono necessarie entrambe le copie per produrre una proteina. L&#8217;aploinsufficienza si verifica quando uno dei due geni non \u00e8 funzionale o \u00e8 eliminato e la quantit\u00e0 di proteine prodotte non \u00e8 sufficiente per il normale funzionamento.<\/p>\n\n\n\n<p><strong>Autismo<\/strong> &#8211; Un disturbo dello sviluppo che colpisce la comunicazione e il comportamento. \u00c8 un disturbo che viene sottoposto a screening e diagnosticato da un operatore sanitario autorizzato. \u00c8 anche noto come Disturbo dello Spettro Autistico (ASD). Risorsa: NIMH \/ NIH<\/p>\n\n\n\n<p><em>B<\/em><\/p>\n\n\n\n<p><em>C<\/em><\/p>\n\n\n\n<p><strong>Cellule staminali pluripotenti indotte (iPSC) <\/strong>&#8211; Cellule raccolte dal corpo (es. pelle) che sono ingegnerizzate per essere pluripotenti (o in grado di essere trasformate in altri tipi di cellule come i neuroni) attraverso una tecnica di laboratorio specializzata. Sono stati utili nello studio dei processi biologici e nello sviluppo di farmaci.<\/p>\n\n\n\n<p><strong>Convulsioni atoniche <\/strong>&#8211; Conosciute anche come attacchi di caduta o convulsioni di caduta, sono una forma di convulsioni in cui la persona perde il tono muscolare in cui la testa o il corpo arrancano. In genere durano meno di 15 secondi. Risorsa: Fondazione per l&#8217;epilessia (Sequestri atonico | Fondazione per l&#8217;epilessia)<\/p>\n\n\n\n<p><strong>Convulsioni da assenza <\/strong>&#8211; Precedentemente note come crisi epilettiche di piccolo male, sono una forma di convulsioni descritta come brevi periodi di tempo (circa 10-20 secondi) in cui la persona interrompe l&#8217;attivit\u00e0 e pu\u00f2 apparire come se avesse uno sguardo vuoto o sogni ad occhi aperti. A volte gli occhi possono anche girare verso l&#8217;alto o svolazzare. In rari casi (in convulsioni atipiche di assenza), una persona pu\u00f2 anche strofinare le dita o la mano insieme, gli occhi possono battere le palpebre, le labbra possono schioccare o avere movimenti a scatti, o fare movimenti masticatori con la bocca; sono descritti che durano da 5 a 30 secondi.<\/p>\n\n\n\n<p><strong>Convulsioni febbrili &#8211;<\/strong> Convulsioni associate a febbre alta nei bambini. Risorsa: Fondazione per l&#8217;epilessia (convulsioni febbrili | Fondazione per l&#8217;epilessia)<\/p>\n\n\n\n<p><strong>Convulsioni focali<\/strong> &#8211; Conosciute anche come convulsioni parziali. Si riferisce a un attacco che inizia in un&#8217;area o rete di cellule cerebrali su un lato del cervello. Possono verificarsi con o senza perdita di coscienza. Alcune volte queste crisi sono anche classificate come: crisi semplici (convulsioni focali consapevoli), complesse (convulsioni focali alterate da consapevolezza) e secondarie generalizzate (convulsioni focali toniche bilaterali cloniche). Risorse: Fondazione per l&#8217;epilessia (convulsioni focali con esordio focale | Fondazione per l&#8217;epilessia), (Convulsioni con insorgenza focale compromessa per la consapevolezza | Fondazione per l&#8217;epilessia) e (Convulsioni focali e bilaterali tonico-cloniche | Fondazione per l&#8217;epilessia)<\/p>\n\n\n\n<p><strong>Convulsioni miocloniche<\/strong> &#8211; Caratterizzate da brevi e rapidi movimenti a scatti, che di solito coinvolgono entrambi i lati del corpo contemporaneamente. Risorsa: Fondazione per l&#8217;epilessia<\/p>\n\n\n\n<p><strong>Convulsioni tonico-cloniche<\/strong> &#8211; Precedentemente note come crisi epilettiche di Gran Mal. Risorsa: Fondazione per l&#8217;epilessia (Sequestri tonico-clonici | Fondazione per l&#8217;epilessia)<\/p>\n\n\n\n<p><strong>Cromosoma <\/strong>&#8211; Una struttura in cui \u00e8 organizzato il materiale genetico. Negli esseri umani, ci sono 23 coppie di cromosomi e sono designati dai numeri 1-22 e dai cromosomi sessuali, X e Y.<\/p>\n\n\n\n<p><em>D<\/em><\/p>\n\n\n\n<p><strong>De novo<\/strong><em><strong> <\/strong>&#8211;<\/em> Nuova mutazione; la malattia non \u00e8 stata trasmessa di generazione in generazione.<\/p>\n\n\n\n<p><strong>Disturbo genetico <\/strong>&#8211; Una malattia che \u00e8 il risultato di una modifica di uno o pi\u00f9 geni che altera la produzione di proteine che la rendono non funzionale o mancante. Risorsa: NIH\/Medline Plus &#8211; Genetica (disturbi genetici: MedlinePlus)<\/p>\n\n\n\n<p><em>E<\/em><\/p>\n\n\n\n<p><strong>Encefalopatia<\/strong> &#8211; Un termine usato per descrivere una malattia del cervello.<\/p>\n\n\n\n<p><strong>Epilessia<\/strong> &#8211; Un disturbo neurologico caratterizzato da convulsioni ricorrenti e colpisce il sistema nervoso.<\/p>\n\n\n\n<p><strong>Exon <\/strong>&#8211; Segmento del DNA che codifica per un gene o parte di un gene.<\/p>\n\n\n\n<p><em>F<\/em><\/p>\n\n\n\n<p><strong>Farmaci antiepilettici (DAE)<\/strong> &#8211; Farmaci usati per trattare l&#8217;epilessia sopprimendo le convulsioni. Conosciuti anche come anticonvulsivanti. Risorsa: Fondazione per l&#8217;epilessia (Riepilogo dei farmaci antiepilettici | Fondazione per l&#8217;epilessia)<\/p>\n\n\n\n<p><strong>Food Drug and Administration (FDA)<\/strong> &#8211; La FDA, un&#8217;agenzia all&#8217;interno del Dipartimento della salute e dei servizi umani degli Stati Uniti, protegge la salute pubblica garantendo la sicurezza, l&#8217;efficacia e la protezione di farmaci, vaccini e altri prodotti biologici per uso umano e veterinario e dispositivi medici. L&#8217;agenzia \u00e8 anche responsabile della sicurezza e dell&#8217;approvvigionamento alimentare della nostra nazione, cosmetici, integratori alimentari, prodotti che emettono radiazioni elettroniche e per la regolamentazione dei prodotti del tabacco. Risorsa: Food and Drug Administration statunitense (fda.gov)<\/p>\n\n\n\n<p><em>G<\/em><\/p>\n\n\n\n<p><strong>Genoma <\/strong>&#8211; Un insieme completo di materiale genetico di un organismo. Ci\u00f2 include coppie di 23 cromosomi nel nucleo di una cellula e il DNA mitocondriale che si trova all&#8217;interno dei mitocondri della cellula. Risorsa: NIH\/National Genome Research Institute (https:\/\/www.genome.gov\/genetics-glossary\/Genome)<\/p>\n\n\n\n<p><em>H<\/em><\/p>\n\n\n\n<p><em>I<\/em><\/p>\n\n\n\n<p><strong>Ipotonia<\/strong> &#8211; Una condizione definita come avente un basso tono muscolare. Risorsa: NIH\/NINDS (Pagina di informazioni sull&#8217;ipotonia | Istituto nazionale di disturbi neurologici e ictus (nih.gov))<\/p>\n\n\n\n<p><em>J<\/em><\/p>\n\n\n\n<p><em>K<\/em><\/p>\n\n\n\n<p><em>L<\/em><\/p>\n\n\n\n<p><em>M<\/em><\/p>\n\n\n\n<p><strong>Medicina di precisione <\/strong>&#8211; Conosciuta anche come medicina personalizzata; \u00e8 un concetto di prevenzione e trattamenti su misura per un individuo per tenere conto delle differenze nei geni, nell&#8217;ambiente e nello stile di vita. Risorsa: NIH\/Medline Plus &#8211; Genetica (Cos&#8217;\u00e8 la medicina di precisione?: MedlinePlus Genetics)<\/p>\n\n\n\n<p><strong>Morte inaspettata improvvisa da epilessia (SUDEP) <\/strong>&#8211; \u00c8 una morte inspiegabile in qualcuno che ha l&#8217;epilessia. Si stima che pi\u00f9 di 1 persona su 1.000 con epilessia morir\u00e0 di SUDEP ogni anno ed \u00e8 la principale causa di morte per le persone con convulsioni incontrollate. Risorsa: Fondazione per l&#8217;epilessia<\/p>\n\n\n\n<p><strong>Mutazione di cancellazione <\/strong>&#8211; \u00c8 un tipo di mutazione che rimuove il materiale genetico da un gene, inclusa la cancellazione dell&#8217;intero gene.<br>microRNA:<\/p>\n\n\n\n<p><strong>Mutazione di duplicazione<\/strong> &#8211; \u00c8 un tipo di mutazione che aggiunge materiale genetico da un gene.<\/p>\n\n\n\n<p><strong>Mutazione missenso<\/strong> &#8211; Un tipo di mutazione in cui una coppia di basi (vedi definizione &#8220;DNA&#8221;) viene modificata e cambia ci\u00f2 che viene tradotto dal DNA all&#8217;mRNA e quindi alla proteina finale.<\/p>\n\n\n\n<p><strong>Mutazione nonsense<\/strong> (=senza senso)- Un tipo di mutazione che provoca il codone di arresto prematuro che si traduce in una proteina incompleta. Risorsa: NIH\/NHGRI (https:\/\/www.genome.gov\/genetics-glossary\/Nonsense-Mutation)<\/p>\n\n\n\n<p><em>N<\/em><\/p>\n\n\n\n<p><strong>Neurotrasmettitore<\/strong> &#8211; \u00c8 una sostanza chimica che funge da messaggero tra i neuroni. Viene rilasciato a un&#8217;estremit\u00e0 di un neurone (noto come terminale dell&#8217;assone) dalle vescicole sinaptiche in uno spazio chiamato fessura sinaptica e ricevuto da un recettore di un altro neurone (noto come dendrite). Esistono molti tipi diversi di neurotrasmettitori e percorsi neurali che influiscono sulle funzioni in tutto il corpo.<\/p>\n\n\n\n<p><em>O<\/em><\/p>\n\n\n\n<p><strong>Oligonucleotidi antisenso (ASO) <\/strong>&#8211; Un tipo di terapia genetica che altera l&#8217;espressione dell&#8217;mRNA in una cellula.<\/p>\n\n\n\n<p><em>P<\/em><\/p>\n\n\n\n<p><strong>Pannello per l&#8217;epilessia <\/strong>&#8211; Un test genetico che analizza molti geni associati all&#8217;epilessia con un solo test.<\/p>\n\n\n\n<p><strong>Paralisi cerebrale (CP)<\/strong> &#8211; Un gruppo di disturbi neurologici causati da danni o anomalie nel cervello che influenzano il movimento, l&#8217;equilibrio e la postura. Risorsa: NINDS\/NIH<\/p>\n\n\n\n<p><strong>Prevalenza <\/strong>&#8211; Una misurazione del numero di persone colpite (ad es. numero di persone con diagnosi di STXBP1) in un determinato momento.<\/p>\n\n\n\n<p><strong>Proteine SNARE<\/strong> &#8211; Nel cervello, \u00e8 un gruppo di proteine che creano una struttura nota come &#8220;complesso rullante&#8221; che \u00e8 coinvolta nel rilascio di neurotrasmettitori nella fessura sinaptica.<\/p>\n\n\n\n<p><em>Q<\/em><\/p>\n\n\n\n<p><em>R<\/em><\/p>\n\n\n\n<p><strong>Rete di Epilessie Rare (Rare Epilepsy Network, REN) <\/strong>&#8211; una rete di volontari che accoglie tutte le organizzazioni di epilessia rara per riunirsi attorno agli sforzi di ricerca in cui i nostri sforzi collettivi miglioreranno la vita vissuta dei nostri singoli componenti. REN include organizzazioni per l&#8217;epilessia rara e ampi stakeholder dell&#8217;epilessia impegnati in questa missione comune. Di pi\u00f9.<\/p>\n\n\n\n<p><em>S<\/em><\/p>\n\n\n\n<p><strong>Sindrome di Lennox-Gastaut (LGS) <\/strong>&#8211;&nbsp;Risorsa: Epilepsy Foundation (caso di studio sulla sindrome di Lennox-Gastaut | Epilepsy Foundation)<\/p>\n\n\n\n<p><strong>Spasmi infantili<\/strong> &#8211; Conosciuti anche come Sindrome di West. Un tipo di convulsioni che di solito si presenta con brevi episodi di irrigidimento del corpo e flessione in avanti o all&#8217;indietro di braccia, gambe e testa (a volte denominate &#8220;convulsioni da coltello&#8221; o &#8220;spasmi flessori&#8221;). Gli episodi sono brevi e spesso a grappolo. L&#8217;esordio di solito avviene entro il primo anno di vita e si ferma intorno ai 4 anni di et\u00e0. Risorsa: Fondazione per l&#8217;epilessia (trattamento per gli spasmi infantili | Fondazione per l&#8217;epilessia)<\/p>\n\n\n\n<p><strong>Stato elettrico epilettico del sonno (ESES)<\/strong> &#8211; Una sindrome rara e grave caratterizzata da un particolare pattern EEG osservato durante il sonno. \u00c8 anche nota come encefalopatia epilettica con picchi e onde continue durante il sonno (CSWS). Risorsa: Fondazione per l&#8217;epilessia (encefalopatia epilettica con picchi e onde continue durante il sonno (CSWS) | Fondazione per l&#8217;epilessia)<\/p>\n\n\n\n<p><strong>SineUp<\/strong> &#8211;&nbsp; Una nuova classe di RNA, modulari antisenso lunghi non codificanti, che aumentano la sintesi delle proteine \u200b\u200bbersaglio nelle cellule. Una nuova classe funzionale di lncRNA antisenso naturali che aumentano la traduzione di mRNA parzialmente sovrapposti. La loro attivit\u00e0 si basa sulla combinazione di due domini: un elemento SINEB2 invertito di topo incorporato che migliora la traduzione dell&#8217;mRNA (dominio effettore) e una regione antisenso sovrapposta che fornisce specificit\u00e0 per la trascrizione del senso del bersaglio (dominio di legame). Con l&#8217;ingegneria genetica, i SINEUP sintetici possono potenzialmente mirare a qualsiasi mRNA di interesse aumentando la traduzione e quindi il livello endogeno della proteina codificata.<\/p>\n\n\n\n<p><strong>Sinapsi <\/strong>&#8211; \u00c8 la giunzione in cui vengono trasmessi segnali elettrici o chimici tra due neuroni. \u00c8 costituito dalla membrana presinaptica (dove vengono rilasciati i neurotrasmettitori), dalla fessura sinaptica e dalla membrana postsinaptica (dove vengono ricevuti i neurotrasmettitori).<\/p>\n\n\n\n<p><strong>Syntaxin Binding Protein &#8211; 1 (STXBP1) <\/strong>&#8211; \u00c8 una proteina necessaria per il rilascio di neurotrasmettitori<\/p>\n\n\n\n<p><em>T<\/em><\/p>\n\n\n\n<p><strong>Trial Clinico<\/strong> &#8211;&nbsp; Un tipo di studio di ricerca che valuta un test o un trattamento nelle persone.<\/p>\n\n\n\n<p><em>U<\/em><\/p>\n\n\n\n<p><em>V<\/em><\/p>\n\n\n\n<p><strong>Variante genica<\/strong> &#8211; \u00c8 una mutazione in un gene che pu\u00f2 cambiare la proteina prodotta che pu\u00f2 causare una malattia genetica<\/p>\n\n\n\n<p><em>W<\/em><\/p>\n\n\n\n<p><strong>Whole Exome Sequencing (Sequenziamento dell&#8217;intero genoma) <\/strong>&#8211; Un tipo di test genetico che identifica le sequenze di DNA dalle regioni del genoma che codificano per le proteine.<\/p>\n\n\n\n<p><em>X<\/em><\/p>\n\n\n\n<p><em>Y<\/em><\/p>\n\n\n\n<p><em>Z<\/em><\/p>\n\n\n\n<p><em>#<\/em><br><strong>4-fenilbutirrato (4PB) <\/strong>&#8211; Un composto chimico usato per trattare i disturbi del ciclo dell&#8217;urea, che \u00e8 un&#8217;altra malattia rara non correlata ai disturbi STXBP1. Studi di ricerca hanno dimostrato che il composto pu\u00f2 essere utile nel trattamento dei disturbi STXBP1, ma deve essere ulteriormente valutato nell&#8217;uomo attraverso studi clinici.<\/p>\n","protected":false},"excerpt":{"rendered":"<p>AAcido desossiribonucleico (DNA) &#8211; \u00c8 un&#8217;unit\u00e0 di base per la memorizzazione delle informazioni genetiche. Comprende uno dei quattro acidi nucleici: adenina (A), citosina (C), guanina (G) e timina (T). Gli acidi nucleici formano legami&#46;&#46;&#46;<\/p>\n","protected":false},"author":1,"featured_media":929,"parent":0,"menu_order":0,"comment_status":"closed","ping_status":"closed","template":"","meta":{"_bbp_topic_count":0,"_bbp_reply_count":0,"_bbp_total_topic_count":0,"_bbp_total_reply_count":0,"_bbp_voice_count":0,"_bbp_anonymous_reply_count":0,"_bbp_topic_count_hidden":0,"_bbp_reply_count_hidden":0,"_bbp_forum_subforum_count":0,"footnotes":""},"categories":[13],"tags":[],"class_list":["post-846","page","type-page","status-publish","has-post-thumbnail","hentry","category-stxbp1"],"_links":{"self":[{"href":"https:\/\/www.stxbp1.it\/home\/index.php\/wp-json\/wp\/v2\/pages\/846","targetHints":{"allow":["GET"]}}],"collection":[{"href":"https:\/\/www.stxbp1.it\/home\/index.php\/wp-json\/wp\/v2\/pages"}],"about":[{"href":"https:\/\/www.stxbp1.it\/home\/index.php\/wp-json\/wp\/v2\/types\/page"}],"author":[{"embeddable":true,"href":"https:\/\/www.stxbp1.it\/home\/index.php\/wp-json\/wp\/v2\/users\/1"}],"replies":[{"embeddable":true,"href":"https:\/\/www.stxbp1.it\/home\/index.php\/wp-json\/wp\/v2\/comments?post=846"}],"version-history":[{"count":3,"href":"https:\/\/www.stxbp1.it\/home\/index.php\/wp-json\/wp\/v2\/pages\/846\/revisions"}],"predecessor-version":[{"id":854,"href":"https:\/\/www.stxbp1.it\/home\/index.php\/wp-json\/wp\/v2\/pages\/846\/revisions\/854"}],"wp:featuredmedia":[{"embeddable":true,"href":"https:\/\/www.stxbp1.it\/home\/index.php\/wp-json\/wp\/v2\/media\/929"}],"wp:attachment":[{"href":"https:\/\/www.stxbp1.it\/home\/index.php\/wp-json\/wp\/v2\/media?parent=846"}],"wp:term":[{"taxonomy":"category","embeddable":true,"href":"https:\/\/www.stxbp1.it\/home\/index.php\/wp-json\/wp\/v2\/categories?post=846"},{"taxonomy":"post_tag","embeddable":true,"href":"https:\/\/www.stxbp1.it\/home\/index.php\/wp-json\/wp\/v2\/tags?post=846"}],"curies":[{"name":"wp","href":"https:\/\/api.w.org\/{rel}","templated":true}]}}